{"id":505,"date":"2020-06-26T11:55:28","date_gmt":"2020-06-26T11:55:28","guid":{"rendered":"http:\/\/baberligetbudapest.hu\/esemenyek-2-2\/"},"modified":"2022-02-24T12:55:21","modified_gmt":"2022-02-24T12:55:21","slug":"events","status":"publish","type":"page","link":"http:\/\/baberligetbudapest.hu\/en\/events\/","title":{"rendered":"Events"},"content":{"rendered":"<p>[et_pb_section fb_built=&#8221;1&#8243; next_background_color=&#8221;#ffffff&#8221; _builder_version=&#8221;4.4.1&#8243; background_image=&#8221;http:\/\/baberligetbudapest.hu\/wp-content\/uploads\/2020\/04\/Baberliget-kavezo-es-konyvesbolt-esemenyek-3.jpg&#8221; parallax=&#8221;on&#8221; parallax_method=&#8221;off&#8221; custom_padding=&#8221;100px||||false|false&#8221; top_divider_repeat_tablet=&#8221;&#8221; top_divider_repeat_phone=&#8221;&#8221; top_divider_repeat_last_edited=&#8221;on|desktop&#8221; bottom_divider_style=&#8221;waves2&#8243; bottom_divider_height=&#8221;75px&#8221; bottom_divider_flip=&#8221;vertical&#8221; global_colors_info=&#8221;{}&#8221;][et_pb_row custom_padding_last_edited=&#8221;on|phone&#8221; _builder_version=&#8221;4.5.0&#8243; custom_padding=&#8221;75px||75px||false|false&#8221; custom_padding_tablet=&#8221;30px||30px||false|false&#8221; custom_padding_phone=&#8221;10px||||false|false&#8221; global_colors_info=&#8221;{}&#8221;][et_pb_column type=&#8221;4_4&#8243; _builder_version=&#8221;4.4.1&#8243; global_colors_info=&#8221;{}&#8221;][et_pb_text _builder_version=&#8221;4.4.8&#8243; text_font=&#8221;Work Sans|600|||||||&#8221; text_text_color=&#8221;#ffffff&#8221; text_font_size=&#8221;36px&#8221; text_orientation=&#8221;center&#8221; custom_margin=&#8221;||20px||false|false&#8221; custom_padding=&#8221;||0px||false|false&#8221; animation_style=&#8221;fade&#8221; animation_duration=&#8221;1300ms&#8221; text_font_size_tablet=&#8221;26px&#8221; text_font_size_phone=&#8221;22px&#8221; text_font_size_last_edited=&#8221;on|phone&#8221; global_colors_info=&#8221;{}&#8221;]<\/p>\n<p>Events<\/p>\n<p>[\/et_pb_text][et_pb_divider color=&#8221;#ffffff&#8221; divider_weight=&#8221;5px&#8221; _builder_version=&#8221;4.4.1&#8243; width=&#8221;40px&#8221; module_alignment=&#8221;center&#8221; custom_margin=&#8221;0px||||false|false&#8221; custom_padding=&#8221;0px||||false|false&#8221; animation_style=&#8221;zoom&#8221; global_colors_info=&#8221;{}&#8221;][\/et_pb_divider][\/et_pb_column][\/et_pb_row][\/et_pb_section][et_pb_section fb_built=&#8221;1&#8243; _builder_version=&#8221;4.4.1&#8243; global_colors_info=&#8221;{}&#8221;][et_pb_row _builder_version=&#8221;4.4.1&#8243; global_colors_info=&#8221;{}&#8221;][et_pb_column type=&#8221;4_4&#8243; _builder_version=&#8221;4.4.1&#8243; global_colors_info=&#8221;{}&#8221;][et_pb_text _builder_version=&#8221;4.5.0&#8243; text_font_size=&#8221;20px&#8221; text_orientation=&#8221;center&#8221; global_colors_info=&#8221;{}&#8221;]Our events are coming in September, please stay with us and come back later for more informations.[\/et_pb_text][\/et_pb_column][\/et_pb_row][\/et_pb_section][et_pb_section fb_built=&#8221;1&#8243; disabled_on=&#8221;on|on|on&#8221; _builder_version=&#8221;4.4.1&#8243; disabled=&#8221;on&#8221; global_colors_info=&#8221;{}&#8221;][et_pb_row column_structure=&#8221;2_5,3_5&#8243; make_equal=&#8221;on&#8221; _builder_version=&#8221;4.4.1&#8243; custom_margin=&#8221;||||false|false&#8221; custom_padding=&#8221;||||false|false&#8221; global_colors_info=&#8221;{}&#8221;][et_pb_column type=&#8221;2_5&#8243; _builder_version=&#8221;4.4.1&#8243; custom_css_main_element=&#8221;display: flex;||flex-direction: column;||justify-content: center;&#8221; global_colors_info=&#8221;{}&#8221;][et_pb_image src=&#8221;http:\/\/baberligetbudapest.hu\/wp-content\/uploads\/2020\/04\/Baberliget-kavezo-Budapest-2020.-02.-10..jpg&#8221; _builder_version=&#8221;4.4.1&#8243; box_shadow_style=&#8221;preset2&#8243; global_colors_info=&#8221;{}&#8221;][\/et_pb_image][\/et_pb_column][et_pb_column type=&#8221;3_5&#8243; _builder_version=&#8221;4.4.1&#8243; background_enable_color=&#8221;off&#8221; custom_padding=&#8221;2%|2%|2%|2%|false|false&#8221; box_shadow_style=&#8221;preset2&#8243; global_colors_info=&#8221;{}&#8221;][et_pb_text _builder_version=&#8221;4.4.1&#8243; text_font=&#8221;Work Sans|600|||||||&#8221; text_text_color=&#8221;#000000&#8243; text_font_size=&#8221;22px&#8221; custom_margin=&#8221;||20px||false|false&#8221; custom_padding=&#8221;||0px||false|false&#8221; animation_style=&#8221;fade&#8221; text_font_size_tablet=&#8221;26px&#8221; text_font_size_phone=&#8221;22px&#8221; text_font_size_last_edited=&#8221;on|phone&#8221; global_colors_info=&#8221;{}&#8221;]P\u00e1ratlan P\u00e1rosok<br \/>\n[\/et_pb_text][et_pb_text _builder_version=&#8221;4.4.1&#8243; text_text_color=&#8221;#000000&#8243; global_colors_info=&#8221;{}&#8221;]Lorem ipsum dolor sit amet, consectetur adipiscing elit, sed do eiusmod tempor incididunt ut labore et dolore magna aliqua.<\/p>\n<p>besz\u00e9lget\u0151t\u00e1rs: V\u00e1radi J\u00falia<\/p>\n<p>2020. 02. 10. 18 \u00f3ra[\/et_pb_text][et_pb_button button_url=&#8221;https:\/\/www.facebook.com\/events\/675141283023188\/&#8221; url_new_window=&#8221;on&#8221; button_text=&#8221;\u00c9rdekel&#8221; button_alignment=&#8221;left&#8221; admin_label=&#8221;Gomb&#8221; _builder_version=&#8221;4.4.1&#8243; custom_button=&#8221;on&#8221; button_text_size=&#8221;16px&#8221; button_text_color=&#8221;#45ac34&#8243; button_bg_color=&#8221;#ffffff&#8221; button_border_radius=&#8221;0px&#8221; button_font=&#8221;|600|||||||&#8221; button_icon_color=&#8221;#ffffff&#8221; animation_style=&#8221;slide&#8221; animation_direction=&#8221;bottom&#8221; box_shadow_style=&#8221;preset3&#8243; global_colors_info=&#8221;{}&#8221; button_text_color__hover_enabled=&#8221;on|hover&#8221; button_text_color__hover=&#8221;#ffffff&#8221; button_bg_color__hover_enabled=&#8221;on|hover&#8221; button_bg_color__hover=&#8221;#45ac34&#8243; button_bg_enable_color__hover=&#8221;on&#8221; button_border_color__hover_enabled=&#8221;on|hover&#8221; button_border_color__hover=&#8221;#45ac34&#8243;][\/et_pb_button][\/et_pb_column][\/et_pb_row][\/et_pb_section][et_pb_section fb_built=&#8221;1&#8243; prev_background_color=&#8221;#ffffff&#8221; _builder_version=&#8221;4.4.1&#8243; background_image=&#8221;http:\/\/baberligetbudapest.hu\/wp-content\/uploads\/2020\/04\/kavezo-Budapest-2.jpg&#8221; parallax=&#8221;on&#8221; parallax_method=&#8221;off&#8221; custom_padding=&#8221;100px||||false|false&#8221; top_divider_style=&#8221;waves2&#8243; top_divider_repeat_tablet=&#8221;&#8221; top_divider_repeat_phone=&#8221;&#8221; top_divider_repeat_last_edited=&#8221;on|desktop&#8221; global_colors_info=&#8221;{}&#8221;][et_pb_row _builder_version=&#8221;4.4.1&#8243; global_colors_info=&#8221;{}&#8221;][et_pb_column type=&#8221;4_4&#8243; _builder_version=&#8221;4.4.1&#8243; global_colors_info=&#8221;{}&#8221;][et_pb_text admin_label=&#8221;H\u00edrlev\u00e9l&#8221; _builder_version=&#8221;4.4.8&#8243; text_font=&#8221;Work Sans|600|||||||&#8221; text_text_color=&#8221;#ffffff&#8221; text_font_size=&#8221;36px&#8221; text_orientation=&#8221;center&#8221; custom_margin=&#8221;||20px||false|false&#8221; custom_padding=&#8221;||0px||false|false&#8221; animation_style=&#8221;fade&#8221; animation_duration=&#8221;1300ms&#8221; text_font_size_tablet=&#8221;26px&#8221; text_font_size_phone=&#8221;22px&#8221; text_font_size_last_edited=&#8221;on|phone&#8221; global_colors_info=&#8221;{}&#8221;]<\/p>\n<p>Subscribe to newsletter<\/p>\n<p>[\/et_pb_text][et_pb_divider color=&#8221;#ffffff&#8221; divider_weight=&#8221;5px&#8221; _builder_version=&#8221;4.4.1&#8243; width=&#8221;40px&#8221; module_alignment=&#8221;center&#8221; custom_margin=&#8221;0px||||false|false&#8221; custom_padding=&#8221;0px||||false|false&#8221; animation_style=&#8221;zoom&#8221; global_colors_info=&#8221;{}&#8221;][\/et_pb_divider][\/et_pb_column][\/et_pb_row][et_pb_row column_structure=&#8221;1_3,1_3,1_3&#8243; _builder_version=&#8221;4.4.8&#8243; global_colors_info=&#8221;{}&#8221;][et_pb_column type=&#8221;1_3&#8243; _builder_version=&#8221;4.4.8&#8243; global_colors_info=&#8221;{}&#8221;][\/et_pb_column][et_pb_column type=&#8221;1_3&#8243; _builder_version=&#8221;4.4.8&#8243; global_colors_info=&#8221;{}&#8221;][et_pb_text _builder_version=&#8221;4.4.8&#8243; global_colors_info=&#8221;{}&#8221;]\n<div class=\"wpcf7 no-js\" id=\"wpcf7-f564-o1\" lang=\"hu-HU\" dir=\"ltr\">\n<div class=\"screen-reader-response\"><p role=\"status\" aria-live=\"polite\" aria-atomic=\"true\"><\/p> <ul><\/ul><\/div>\n<form action=\"\/en\/wp-json\/wp\/v2\/pages\/505#wpcf7-f564-o1\" method=\"post\" class=\"wpcf7-form init\" aria-label=\"Kapcsolatfelv\u00e9teli \u0171rlap\" novalidate=\"novalidate\" data-status=\"init\">\n<div style=\"display: none;\">\n<input type=\"hidden\" name=\"_wpcf7\" value=\"564\" \/>\n<input type=\"hidden\" name=\"_wpcf7_version\" value=\"5.9.5\" \/>\n<input type=\"hidden\" name=\"_wpcf7_locale\" value=\"hu_HU\" \/>\n<input type=\"hidden\" name=\"_wpcf7_unit_tag\" value=\"wpcf7-f564-o1\" \/>\n<input type=\"hidden\" name=\"_wpcf7_container_post\" value=\"0\" \/>\n<input type=\"hidden\" name=\"_wpcf7_posted_data_hash\" value=\"\" \/>\n<\/div>\n<p><span class=\"wpcf7-form-control-wrap\" data-name=\"your-firstname\"><input size=\"40\" class=\"wpcf7-form-control wpcf7-text wpcf7-validates-as-required\" aria-required=\"true\" aria-invalid=\"false\" placeholder=\"First Name\" value=\"\" type=\"text\" name=\"your-firstname\" \/><\/span>\n<\/p>\n<p><span class=\"wpcf7-form-control-wrap\" data-name=\"your-lastname\"><input size=\"40\" class=\"wpcf7-form-control wpcf7-text wpcf7-validates-as-required\" aria-required=\"true\" aria-invalid=\"false\" placeholder=\"Last Name\" value=\"\" type=\"text\" name=\"your-lastname\" \/><\/span>\n<\/p>\n<p><span class=\"wpcf7-form-control-wrap\" data-name=\"your-email\"><input size=\"40\" class=\"wpcf7-form-control wpcf7-email wpcf7-validates-as-required wpcf7-text wpcf7-validates-as-email\" aria-required=\"true\" aria-invalid=\"false\" placeholder=\"E-mail\" value=\"\" type=\"email\" name=\"your-email\" \/><\/span>\n<\/p>\n<p><input class=\"wpcf7-form-control wpcf7-submit has-spinner\" type=\"submit\" value=\"Subscribe\" \/>\n<\/p><div class=\"wpcf7-response-output\" aria-hidden=\"true\"><\/div>\n<\/form>\n<\/div>\n[\/et_pb_text][\/et_pb_column][et_pb_column type=&#8221;1_3&#8243; _builder_version=&#8221;4.4.8&#8243; global_colors_info=&#8221;{}&#8221;][\/et_pb_column][\/et_pb_row][\/et_pb_section]<\/p>\n","protected":false},"excerpt":{"rendered":"<p>EventsOur events are coming in September, please stay with us and come back later for more informations.P\u00e1ratlan P\u00e1rosok Lorem ipsum dolor sit amet, consectetur adipiscing elit, sed do eiusmod tempor incididunt ut labore et dolore magna aliqua. besz\u00e9lget\u0151t\u00e1rs: V\u00e1radi J\u00falia 2020. 02. 10. 18 \u00f3raSubscribe to newsletter\n<div class=\"wpcf7 no-js\" id=\"wpcf7-f564-o2\" lang=\"hu-HU\" dir=\"ltr\">\n<div class=\"screen-reader-response\"><p role=\"status\" aria-live=\"polite\" aria-atomic=\"true\"><\/p> <ul><\/ul><\/div>\n<form action=\"\/en\/wp-json\/wp\/v2\/pages\/505#wpcf7-f564-o2\" method=\"post\" class=\"wpcf7-form init\" aria-label=\"Kapcsolatfelv\u00e9teli \u0171rlap\" novalidate=\"novalidate\" data-status=\"init\">\n<div style=\"display: none;\">\n<input type=\"hidden\" name=\"_wpcf7\" value=\"564\" \/>\n<input type=\"hidden\" name=\"_wpcf7_version\" value=\"5.9.5\" \/>\n<input type=\"hidden\" name=\"_wpcf7_locale\" value=\"hu_HU\" \/>\n<input type=\"hidden\" name=\"_wpcf7_unit_tag\" value=\"wpcf7-f564-o2\" \/>\n<input type=\"hidden\" name=\"_wpcf7_container_post\" value=\"0\" \/>\n<input type=\"hidden\" name=\"_wpcf7_posted_data_hash\" value=\"\" \/>\n<\/div>\n<p><span class=\"wpcf7-form-control-wrap\" data-name=\"your-firstname\"><input size=\"40\" class=\"wpcf7-form-control wpcf7-text wpcf7-validates-as-required\" aria-required=\"true\" aria-invalid=\"false\" placeholder=\"First Name\" value=\"\" type=\"text\" name=\"your-firstname\" \/><\/span>\n<\/p>\n<p><span class=\"wpcf7-form-control-wrap\" data-name=\"your-lastname\"><input size=\"40\" class=\"wpcf7-form-control wpcf7-text wpcf7-validates-as-required\" aria-required=\"true\" aria-invalid=\"false\" placeholder=\"Last Name\" value=\"\" type=\"text\" name=\"your-lastname\" \/><\/span>\n<\/p>\n<p><span class=\"wpcf7-form-control-wrap\" data-name=\"your-email\"><input size=\"40\" class=\"wpcf7-form-control wpcf7-email wpcf7-validates-as-required wpcf7-text wpcf7-validates-as-email\" aria-required=\"true\" aria-invalid=\"false\" placeholder=\"E-mail\" value=\"\" type=\"email\" name=\"your-email\" \/><\/span>\n<\/p>\n<p><input class=\"wpcf7-form-control wpcf7-submit has-spinner\" type=\"submit\" value=\"Subscribe\" \/>\n<\/p><div class=\"wpcf7-response-output\" aria-hidden=\"true\"><\/div>\n<\/form>\n<\/div>\n<\/p>\n","protected":false},"author":1,"featured_media":0,"parent":0,"menu_order":0,"comment_status":"closed","ping_status":"closed","template":"","meta":{"_et_pb_use_builder":"on","_et_pb_old_content":"","_et_gb_content_width":"","footnotes":""},"yoast_head":"<!-- This site is optimized with the Yoast SEO plugin v22.7 - https:\/\/yoast.com\/wordpress\/plugins\/seo\/ -->\n<title>Events - Bab\u00e9rliget Bookstore in Budapest Downtown<\/title>\n<meta name=\"description\" content=\"Exciting programs, unrivalled teas, tasty specialty coffees and seasonal drinks awaits you in our lovely shop and Bookstore in Budapest Downtown.\" \/>\n<meta name=\"robots\" content=\"index, follow, max-snippet:-1, max-image-preview:large, max-video-preview:-1\" \/>\n<link rel=\"canonical\" href=\"http:\/\/baberligetbudapest.hu\/en\/events\/\" \/>\n<meta property=\"og:locale\" content=\"en_US\" \/>\n<meta property=\"og:type\" content=\"article\" \/>\n<meta property=\"og:title\" content=\"Events - Bab\u00e9rliget Bookstore in Budapest Downtown\" \/>\n<meta property=\"og:description\" content=\"Exciting programs, unrivalled teas, tasty specialty coffees and seasonal drinks awaits you in our lovely shop and Bookstore in Budapest Downtown.\" \/>\n<meta property=\"og:url\" content=\"http:\/\/baberligetbudapest.hu\/en\/events\/\" \/>\n<meta property=\"og:site_name\" content=\"Bab\u00e9rliget\" \/>\n<meta property=\"article:modified_time\" content=\"2022-02-24T12:55:21+00:00\" \/>\n<meta property=\"og:image\" content=\"http:\/\/baberligetbudapest.hu\/wp-content\/uploads\/2020\/06\/baberlget-og.jpg\" \/>\n\t<meta property=\"og:image:width\" content=\"1125\" \/>\n\t<meta property=\"og:image:height\" content=\"633\" \/>\n\t<meta property=\"og:image:type\" content=\"image\/jpeg\" \/>\n<meta name=\"twitter:card\" content=\"summary_large_image\" \/>\n<meta name=\"twitter:label1\" content=\"Est. reading time\" \/>\n\t<meta name=\"twitter:data1\" content=\"4 minutes\" \/>\n<script type=\"application\/ld+json\" class=\"yoast-schema-graph\">{\"@context\":\"https:\/\/schema.org\",\"@graph\":[{\"@type\":\"WebPage\",\"@id\":\"http:\/\/baberligetbudapest.hu\/en\/events\/\",\"url\":\"http:\/\/baberligetbudapest.hu\/en\/events\/\",\"name\":\"Events - Bab\u00e9rliget Bookstore in Budapest Downtown\",\"isPartOf\":{\"@id\":\"https:\/\/baberligetbudapest.hu\/#website\"},\"datePublished\":\"2020-06-26T11:55:28+00:00\",\"dateModified\":\"2022-02-24T12:55:21+00:00\",\"description\":\"Exciting programs, unrivalled teas, tasty specialty coffees and seasonal drinks awaits you in our lovely shop and Bookstore in Budapest Downtown.\",\"breadcrumb\":{\"@id\":\"http:\/\/baberligetbudapest.hu\/en\/events\/#breadcrumb\"},\"inLanguage\":\"en-US\",\"potentialAction\":[{\"@type\":\"ReadAction\",\"target\":[\"http:\/\/baberligetbudapest.hu\/en\/events\/\"]}]},{\"@type\":\"BreadcrumbList\",\"@id\":\"http:\/\/baberligetbudapest.hu\/en\/events\/#breadcrumb\",\"itemListElement\":[{\"@type\":\"ListItem\",\"position\":1,\"name\":\"Home\",\"item\":\"http:\/\/baberligetbudapest.hu\/en\/\"},{\"@type\":\"ListItem\",\"position\":2,\"name\":\"Events\"}]},{\"@type\":\"WebSite\",\"@id\":\"https:\/\/baberligetbudapest.hu\/#website\",\"url\":\"https:\/\/baberligetbudapest.hu\/\",\"name\":\"Bab\u00e9rliget\",\"description\":\"\",\"potentialAction\":[{\"@type\":\"SearchAction\",\"target\":{\"@type\":\"EntryPoint\",\"urlTemplate\":\"https:\/\/baberligetbudapest.hu\/?s={search_term_string}\"},\"query-input\":\"required name=search_term_string\"}],\"inLanguage\":\"en-US\"}]}<\/script>\n<!-- \/ Yoast SEO plugin. -->","yoast_head_json":{"title":"Events - Bab\u00e9rliget Bookstore in Budapest Downtown","description":"Exciting programs, unrivalled teas, tasty specialty coffees and seasonal drinks awaits you in our lovely shop and Bookstore in Budapest Downtown.","robots":{"index":"index","follow":"follow","max-snippet":"max-snippet:-1","max-image-preview":"max-image-preview:large","max-video-preview":"max-video-preview:-1"},"canonical":"http:\/\/baberligetbudapest.hu\/en\/events\/","og_locale":"en_US","og_type":"article","og_title":"Events - Bab\u00e9rliget Bookstore in Budapest Downtown","og_description":"Exciting programs, unrivalled teas, tasty specialty coffees and seasonal drinks awaits you in our lovely shop and Bookstore in Budapest Downtown.","og_url":"http:\/\/baberligetbudapest.hu\/en\/events\/","og_site_name":"Bab\u00e9rliget","article_modified_time":"2022-02-24T12:55:21+00:00","og_image":[{"width":1125,"height":633,"url":"http:\/\/baberligetbudapest.hu\/wp-content\/uploads\/2020\/06\/baberlget-og.jpg","type":"image\/jpeg"}],"twitter_card":"summary_large_image","twitter_misc":{"Est. reading time":"4 minutes"},"schema":{"@context":"https:\/\/schema.org","@graph":[{"@type":"WebPage","@id":"http:\/\/baberligetbudapest.hu\/en\/events\/","url":"http:\/\/baberligetbudapest.hu\/en\/events\/","name":"Events - Bab\u00e9rliget Bookstore in Budapest Downtown","isPartOf":{"@id":"https:\/\/baberligetbudapest.hu\/#website"},"datePublished":"2020-06-26T11:55:28+00:00","dateModified":"2022-02-24T12:55:21+00:00","description":"Exciting programs, unrivalled teas, tasty specialty coffees and seasonal drinks awaits you in our lovely shop and Bookstore in Budapest Downtown.","breadcrumb":{"@id":"http:\/\/baberligetbudapest.hu\/en\/events\/#breadcrumb"},"inLanguage":"en-US","potentialAction":[{"@type":"ReadAction","target":["http:\/\/baberligetbudapest.hu\/en\/events\/"]}]},{"@type":"BreadcrumbList","@id":"http:\/\/baberligetbudapest.hu\/en\/events\/#breadcrumb","itemListElement":[{"@type":"ListItem","position":1,"name":"Home","item":"http:\/\/baberligetbudapest.hu\/en\/"},{"@type":"ListItem","position":2,"name":"Events"}]},{"@type":"WebSite","@id":"https:\/\/baberligetbudapest.hu\/#website","url":"https:\/\/baberligetbudapest.hu\/","name":"Bab\u00e9rliget","description":"","potentialAction":[{"@type":"SearchAction","target":{"@type":"EntryPoint","urlTemplate":"https:\/\/baberligetbudapest.hu\/?s={search_term_string}"},"query-input":"required name=search_term_string"}],"inLanguage":"en-US"}]}},"_links":{"self":[{"href":"http:\/\/baberligetbudapest.hu\/en\/wp-json\/wp\/v2\/pages\/505"}],"collection":[{"href":"http:\/\/baberligetbudapest.hu\/en\/wp-json\/wp\/v2\/pages"}],"about":[{"href":"http:\/\/baberligetbudapest.hu\/en\/wp-json\/wp\/v2\/types\/page"}],"author":[{"embeddable":true,"href":"http:\/\/baberligetbudapest.hu\/en\/wp-json\/wp\/v2\/users\/1"}],"replies":[{"embeddable":true,"href":"http:\/\/baberligetbudapest.hu\/en\/wp-json\/wp\/v2\/comments?post=505"}],"version-history":[{"count":0,"href":"http:\/\/baberligetbudapest.hu\/en\/wp-json\/wp\/v2\/pages\/505\/revisions"}],"wp:attachment":[{"href":"http:\/\/baberligetbudapest.hu\/en\/wp-json\/wp\/v2\/media?parent=505"}],"curies":[{"name":"wp","href":"https:\/\/api.w.org\/{rel}","templated":true}]}}