{"id":462,"date":"2020-04-07T12:29:17","date_gmt":"2020-04-07T12:29:17","guid":{"rendered":"http:\/\/baberligetbudapest.hu\/hirek\/"},"modified":"2022-02-24T12:56:45","modified_gmt":"2022-02-24T12:56:45","slug":"news","status":"publish","type":"page","link":"http:\/\/baberligetbudapest.hu\/en\/news\/","title":{"rendered":"News"},"content":{"rendered":"<p>[et_pb_section fb_built=&#8221;1&#8243; next_background_color=&#8221;#ffffff&#8221; _builder_version=&#8221;4.4.1&#8243; background_image=&#8221;http:\/\/baberligetbudapest.hu\/wp-content\/uploads\/2020\/04\/kavezo-reggelizo-Budapest-hirek.jpg&#8221; parallax=&#8221;on&#8221; parallax_method=&#8221;off&#8221; custom_padding=&#8221;100px||||false|false&#8221; top_divider_repeat_tablet=&#8221;&#8221; top_divider_repeat_phone=&#8221;&#8221; top_divider_repeat_last_edited=&#8221;on|desktop&#8221; bottom_divider_style=&#8221;waves2&#8243; bottom_divider_height=&#8221;75px&#8221; bottom_divider_flip=&#8221;vertical&#8221; global_colors_info=&#8221;{}&#8221;][et_pb_row custom_padding_last_edited=&#8221;on|phone&#8221; _builder_version=&#8221;4.5.0&#8243; custom_padding=&#8221;75px||75px||false|false&#8221; custom_padding_tablet=&#8221;30px||30px||false|false&#8221; custom_padding_phone=&#8221;10px||||false|false&#8221; global_colors_info=&#8221;{}&#8221;][et_pb_column type=&#8221;4_4&#8243; _builder_version=&#8221;4.4.1&#8243; global_colors_info=&#8221;{}&#8221;][et_pb_text _builder_version=&#8221;4.4.8&#8243; text_font=&#8221;Work Sans|600|||||||&#8221; text_text_color=&#8221;#ffffff&#8221; text_font_size=&#8221;36px&#8221; text_orientation=&#8221;center&#8221; custom_margin=&#8221;||20px||false|false&#8221; custom_padding=&#8221;||0px||false|false&#8221; animation_style=&#8221;fade&#8221; animation_duration=&#8221;1300ms&#8221; text_font_size_tablet=&#8221;26px&#8221; text_font_size_phone=&#8221;22px&#8221; text_font_size_last_edited=&#8221;on|phone&#8221; global_colors_info=&#8221;{}&#8221;]News[\/et_pb_text][et_pb_divider color=&#8221;#ffffff&#8221; divider_weight=&#8221;5px&#8221; _builder_version=&#8221;4.4.1&#8243; width=&#8221;40px&#8221; module_alignment=&#8221;center&#8221; custom_margin=&#8221;0px||||false|false&#8221; custom_padding=&#8221;0px||||false|false&#8221; animation_style=&#8221;zoom&#8221; global_colors_info=&#8221;{}&#8221;][\/et_pb_divider][\/et_pb_column][\/et_pb_row][\/et_pb_section][et_pb_section fb_built=&#8221;1&#8243; _builder_version=&#8221;4.4.1&#8243; global_colors_info=&#8221;{}&#8221;][et_pb_row column_structure=&#8221;2_3,1_3&#8243; _builder_version=&#8221;4.4.1&#8243; global_colors_info=&#8221;{}&#8221;][et_pb_column type=&#8221;2_3&#8243; _builder_version=&#8221;4.4.1&#8243; global_colors_info=&#8221;{}&#8221;][et_pb_blog include_categories=&#8221;22,12,19&#8243; meta_date=&#8221;Y. F j.&#8221; show_author=&#8221;off&#8221; show_categories=&#8221;off&#8221; _builder_version=&#8221;4.5.0&#8243; header_font=&#8221;Work Sans|700|||||||&#8221; header_text_color=&#8221;#45ac34&#8243; meta_font=&#8221;|600|||||||&#8221; meta_font_size=&#8221;13px&#8221; meta_line_height=&#8221;1.4em&#8221; global_colors_info=&#8221;{}&#8221;][\/et_pb_blog][\/et_pb_column][et_pb_column type=&#8221;1_3&#8243; _builder_version=&#8221;4.4.1&#8243; global_colors_info=&#8221;{}&#8221;][et_pb_sidebar orientation=&#8221;right&#8221; _builder_version=&#8221;4.4.1&#8243; global_colors_info=&#8221;{}&#8221;][\/et_pb_sidebar][\/et_pb_column][\/et_pb_row][\/et_pb_section]<\/p>\n","protected":false},"excerpt":{"rendered":"<p>News<\/p>\n","protected":false},"author":1,"featured_media":0,"parent":0,"menu_order":0,"comment_status":"closed","ping_status":"closed","template":"","meta":{"_et_pb_use_builder":"on","_et_pb_old_content":"","_et_gb_content_width":"","footnotes":""},"yoast_head":"<!-- This site is optimized with the Yoast SEO plugin v22.7 - https:\/\/yoast.com\/wordpress\/plugins\/seo\/ -->\n<title>News - Bab\u00e9rliget Bookstore in Budapest Downtown<\/title>\n<meta name=\"description\" content=\"The latest news from Bab\u00e9rliget. Bab\u00e9rliget is a bookstore named after one of Hamvas B\u00e9la\u2019s outstanding writings.\" \/>\n<meta name=\"robots\" content=\"index, follow, max-snippet:-1, max-image-preview:large, max-video-preview:-1\" \/>\n<link rel=\"canonical\" href=\"http:\/\/baberligetbudapest.hu\/en\/news\/\" \/>\n<meta property=\"og:locale\" content=\"en_US\" \/>\n<meta property=\"og:type\" content=\"article\" \/>\n<meta property=\"og:title\" content=\"News - Bab\u00e9rliget Bookstore in Budapest Downtown\" \/>\n<meta property=\"og:description\" content=\"The latest news from Bab\u00e9rliget. Bab\u00e9rliget is a bookstore named after one of Hamvas B\u00e9la\u2019s outstanding writings.\" \/>\n<meta property=\"og:url\" content=\"http:\/\/baberligetbudapest.hu\/en\/news\/\" \/>\n<meta property=\"og:site_name\" content=\"Bab\u00e9rliget\" \/>\n<meta property=\"article:modified_time\" content=\"2022-02-24T12:56:45+00:00\" \/>\n<meta property=\"og:image\" content=\"http:\/\/baberligetbudapest.hu\/wp-content\/uploads\/2020\/06\/baberlget-og.jpg\" \/>\n\t<meta property=\"og:image:width\" content=\"1125\" \/>\n\t<meta property=\"og:image:height\" content=\"633\" \/>\n\t<meta property=\"og:image:type\" content=\"image\/jpeg\" \/>\n<meta name=\"twitter:card\" content=\"summary_large_image\" \/>\n<meta name=\"twitter:label1\" content=\"Est. reading time\" \/>\n\t<meta name=\"twitter:data1\" content=\"2 minutes\" \/>\n<script type=\"application\/ld+json\" class=\"yoast-schema-graph\">{\"@context\":\"https:\/\/schema.org\",\"@graph\":[{\"@type\":\"WebPage\",\"@id\":\"http:\/\/baberligetbudapest.hu\/en\/news\/\",\"url\":\"http:\/\/baberligetbudapest.hu\/en\/news\/\",\"name\":\"News - Bab\u00e9rliget Bookstore in Budapest Downtown\",\"isPartOf\":{\"@id\":\"https:\/\/baberligetbudapest.hu\/#website\"},\"datePublished\":\"2020-04-07T12:29:17+00:00\",\"dateModified\":\"2022-02-24T12:56:45+00:00\",\"description\":\"The latest news from Bab\u00e9rliget. Bab\u00e9rliget is a bookstore named after one of Hamvas B\u00e9la\u2019s outstanding writings.\",\"breadcrumb\":{\"@id\":\"http:\/\/baberligetbudapest.hu\/en\/news\/#breadcrumb\"},\"inLanguage\":\"en-US\",\"potentialAction\":[{\"@type\":\"ReadAction\",\"target\":[\"http:\/\/baberligetbudapest.hu\/en\/news\/\"]}]},{\"@type\":\"BreadcrumbList\",\"@id\":\"http:\/\/baberligetbudapest.hu\/en\/news\/#breadcrumb\",\"itemListElement\":[{\"@type\":\"ListItem\",\"position\":1,\"name\":\"Home\",\"item\":\"http:\/\/baberligetbudapest.hu\/en\/\"},{\"@type\":\"ListItem\",\"position\":2,\"name\":\"News\"}]},{\"@type\":\"WebSite\",\"@id\":\"https:\/\/baberligetbudapest.hu\/#website\",\"url\":\"https:\/\/baberligetbudapest.hu\/\",\"name\":\"Bab\u00e9rliget\",\"description\":\"\",\"potentialAction\":[{\"@type\":\"SearchAction\",\"target\":{\"@type\":\"EntryPoint\",\"urlTemplate\":\"https:\/\/baberligetbudapest.hu\/?s={search_term_string}\"},\"query-input\":\"required name=search_term_string\"}],\"inLanguage\":\"en-US\"}]}<\/script>\n<!-- \/ Yoast SEO plugin. -->","yoast_head_json":{"title":"News - Bab\u00e9rliget Bookstore in Budapest Downtown","description":"The latest news from Bab\u00e9rliget. Bab\u00e9rliget is a bookstore named after one of Hamvas B\u00e9la\u2019s outstanding writings.","robots":{"index":"index","follow":"follow","max-snippet":"max-snippet:-1","max-image-preview":"max-image-preview:large","max-video-preview":"max-video-preview:-1"},"canonical":"http:\/\/baberligetbudapest.hu\/en\/news\/","og_locale":"en_US","og_type":"article","og_title":"News - Bab\u00e9rliget Bookstore in Budapest Downtown","og_description":"The latest news from Bab\u00e9rliget. Bab\u00e9rliget is a bookstore named after one of Hamvas B\u00e9la\u2019s outstanding writings.","og_url":"http:\/\/baberligetbudapest.hu\/en\/news\/","og_site_name":"Bab\u00e9rliget","article_modified_time":"2022-02-24T12:56:45+00:00","og_image":[{"width":1125,"height":633,"url":"http:\/\/baberligetbudapest.hu\/wp-content\/uploads\/2020\/06\/baberlget-og.jpg","type":"image\/jpeg"}],"twitter_card":"summary_large_image","twitter_misc":{"Est. reading time":"2 minutes"},"schema":{"@context":"https:\/\/schema.org","@graph":[{"@type":"WebPage","@id":"http:\/\/baberligetbudapest.hu\/en\/news\/","url":"http:\/\/baberligetbudapest.hu\/en\/news\/","name":"News - Bab\u00e9rliget Bookstore in Budapest Downtown","isPartOf":{"@id":"https:\/\/baberligetbudapest.hu\/#website"},"datePublished":"2020-04-07T12:29:17+00:00","dateModified":"2022-02-24T12:56:45+00:00","description":"The latest news from Bab\u00e9rliget. Bab\u00e9rliget is a bookstore named after one of Hamvas B\u00e9la\u2019s outstanding writings.","breadcrumb":{"@id":"http:\/\/baberligetbudapest.hu\/en\/news\/#breadcrumb"},"inLanguage":"en-US","potentialAction":[{"@type":"ReadAction","target":["http:\/\/baberligetbudapest.hu\/en\/news\/"]}]},{"@type":"BreadcrumbList","@id":"http:\/\/baberligetbudapest.hu\/en\/news\/#breadcrumb","itemListElement":[{"@type":"ListItem","position":1,"name":"Home","item":"http:\/\/baberligetbudapest.hu\/en\/"},{"@type":"ListItem","position":2,"name":"News"}]},{"@type":"WebSite","@id":"https:\/\/baberligetbudapest.hu\/#website","url":"https:\/\/baberligetbudapest.hu\/","name":"Bab\u00e9rliget","description":"","potentialAction":[{"@type":"SearchAction","target":{"@type":"EntryPoint","urlTemplate":"https:\/\/baberligetbudapest.hu\/?s={search_term_string}"},"query-input":"required name=search_term_string"}],"inLanguage":"en-US"}]}},"_links":{"self":[{"href":"http:\/\/baberligetbudapest.hu\/en\/wp-json\/wp\/v2\/pages\/462"}],"collection":[{"href":"http:\/\/baberligetbudapest.hu\/en\/wp-json\/wp\/v2\/pages"}],"about":[{"href":"http:\/\/baberligetbudapest.hu\/en\/wp-json\/wp\/v2\/types\/page"}],"author":[{"embeddable":true,"href":"http:\/\/baberligetbudapest.hu\/en\/wp-json\/wp\/v2\/users\/1"}],"replies":[{"embeddable":true,"href":"http:\/\/baberligetbudapest.hu\/en\/wp-json\/wp\/v2\/comments?post=462"}],"version-history":[{"count":0,"href":"http:\/\/baberligetbudapest.hu\/en\/wp-json\/wp\/v2\/pages\/462\/revisions"}],"wp:attachment":[{"href":"http:\/\/baberligetbudapest.hu\/en\/wp-json\/wp\/v2\/media?parent=462"}],"curies":[{"name":"wp","href":"https:\/\/api.w.org\/{rel}","templated":true}]}}